{"id":1352,"date":"2025-11-30T15:41:00","date_gmt":"2025-11-30T15:41:00","guid":{"rendered":"https:\/\/onsfsservice.be\/about\/"},"modified":"2025-12-23T08:23:04","modified_gmt":"2025-12-23T08:23:04","slug":"a-propos","status":"publish","type":"page","link":"https:\/\/onsfsservice.be\/fr\/a-propos\/","title":{"rendered":"A propos de"},"content":{"rendered":"<div class=\"wp-block-uagb-container uagb-block-6f4f8532 alignfull uagb-is-root-container\"><div class=\"uagb-container-inner-blocks-wrap\">\n<div class=\"wp-block-uagb-advanced-heading uagb-block-10dbb5ae\"><h1 class=\"uagb-heading-text\">Des \u00e9tables propres. Une vie saine.<\/h1><\/div>\n<\/div><\/div>\n\n\n\n<div class=\"wp-block-uagb-container uagb-block-0b4f71de alignfull uagb-is-root-container\"><div class=\"uagb-container-inner-blocks-wrap\">\n<div class=\"wp-block-uagb-container uagb-block-993ee68f\">\n<div class=\"wp-block-uagb-image uagb-block-41a754cf wp-block-uagb-image--layout-default wp-block-uagb-image--effect-static wp-block-uagb-image--align-none\"><figure class=\"wp-block-uagb-image__figure\"><img decoding=\"async\" srcset=\"https:\/\/onsfsservice.be\/wp-content\/uploads\/2025\/12\/saed3.jpg ,https:\/\/onsfsservice.be\/wp-content\/uploads\/2025\/12\/saed3.jpg 780w, https:\/\/onsfsservice.be\/wp-content\/uploads\/2025\/12\/saed3.jpg 360w\" sizes=\"auto, (max-width: 480px) 150px\" src=\"https:\/\/onsfsservice.be\/wp-content\/uploads\/2025\/12\/saed3.jpg\" alt=\"saed3\" class=\"uag-image-3295\" width=\"480\" height=\"520\" title=\"saed3\" loading=\"lazy\" role=\"img\"\/><\/figure><\/div>\n\n\n\n<div class=\"wp-block-uagb-advanced-heading uagb-block-6f4889f4\"><h4 class=\"uagb-heading-text\"> Saed Elsadi<\/h4><p class=\"uagb-desc-text\">Fondateur<\/p><\/div>\n<\/div>\n\n\n\n<div class=\"wp-block-uagb-container uagb-block-79147a85\">\n<div class=\"wp-block-uagb-info-box uagb-block-fee0a910 uagb-infobox__content-wrap  uagb-infobox-icon-above-title uagb-infobox-image-valign-top wp-block-uagb-info-box--has-margin\"><div class=\"uagb-infobox-margin-wrapper\"><div class=\"uagb-ifb-content\"><div class=\"uagb-ifb-title-wrap\"><span class=\"uagb-ifb-title-prefix\">\u00c0 propos d&#039;ONS. Nettoyage FS<\/span><h2 class=\"uagb-ifb-title\">Notre histoire \u2013 ONS fs.<\/h2><\/div><p class=\"uagb-ifb-desc\">ONS fs est n\u00e9e d&#039;un parcours personnel jalonn\u00e9 de d\u00e9fis et de pers\u00e9v\u00e9rance. Apr\u00e8s mon arriv\u00e9e en Belgique, j&#039;ai d\u00e9but\u00e9 ma carri\u00e8re dans le nettoyage et la d\u00e9sinfection des installations agricoles. En travaillant en \u00e9troite collaboration avec des agriculteurs belges qui ont partag\u00e9 leurs connaissances et leurs m\u00e9thodes avec moi, j&#039;ai rapidement acquis une exp\u00e9rience pratique pr\u00e9cieuse. Cette p\u00e9riode a \u00e9t\u00e9 une v\u00e9ritable formation et a pos\u00e9 les bases solides de ma profession.<br><br>Je me suis pleinement investi dans mon d\u00e9veloppement personnel et l&#039;expansion de mon entreprise. Les d\u00e9buts n&#039;ont pas \u00e9t\u00e9 faciles, notamment en ce qui concerne l&#039;\u00e9quipement n\u00e9cessaire, mais ma d\u00e9termination a surmont\u00e9 tous les obstacles. J&#039;ai investi dans des machines modernes et constitu\u00e9 une \u00e9quipe compl\u00e8te, form\u00e9e aux normes d&#039;hygi\u00e8ne et de s\u00e9curit\u00e9 les plus strictes.<br><br>Aujourd&#039;hui, ONS fs est reconnue pour sa capacit\u00e9 \u00e0 r\u00e9aliser des travaux rapidement et efficacement, tout en maintenant des prix comp\u00e9titifs et une qualit\u00e9 irr\u00e9prochable. Nous ne nous contentons pas de belles paroles\u00a0; nous prouvons notre valeur par des r\u00e9sultats concrets. La reconnaissance et les recommandations des principaux agriculteurs t\u00e9moignent de la confiance que nous avons su instaurer et de notre engagement constant envers la qualit\u00e9.<br><br>Notre histoire est celle de la pers\u00e9v\u00e9rance, du d\u00e9veloppement et de la croissance. \u00c0 chaque nouveau projet, nous renfor\u00e7ons notre expertise et restons le partenaire de confiance de toute entreprise recherchant des services professionnels de nettoyage et de d\u00e9sinfection en Belgique et aux Pays-Bas.<br><\/p><\/div><\/div><\/div>\n<\/div>\n<\/div><\/div>\n\n\n\n<div class=\"wp-block-uagb-container uagb-block-a75e8de2 alignfull uagb-is-root-container\"><div class=\"uagb-container-inner-blocks-wrap\">\n<div class=\"wp-block-uagb-advanced-heading uagb-block-75d7d853\"><h2 class=\"uagb-heading-text\">Notre processus<\/h2><\/div>\n\n\n\n<p class=\"has-text-align-center\">Notre approche garantit une qualit\u00e9 pr\u00e9visible et un temps d&#039;arr\u00eat minimal pour les agriculteurs\u00a0:<\/p>\n\n\n\n<div class=\"wp-block-uagb-container uagb-block-d5c4df1f\">\n<div class=\"wp-block-uagb-info-box uagb-block-a0bb226f uagb-infobox__content-wrap  uagb-infobox-icon-above-title uagb-infobox-image-valign-top wp-block-uagb-info-box--has-margin\"><div class=\"uagb-infobox-margin-wrapper\"><div class=\"uagb-ifb-content\"><div class=\"uagb-ifb-image-content\"><img decoding=\"async\" src=\"https:\/\/onsfsservice.be\/wp-content\/uploads\/2025\/12\/Inspection-e1764711545738-150x150.png\" alt=\"inspection\" width=\"100\" height=\"100\" loading=\"lazy\" title=\"A propos de\"><\/div><div class=\"uagb-ifb-title-wrap\"><span class=\"uagb-ifb-title-prefix\"><strong>Inspection<\/strong><\/span><h6 class=\"uagb-ifb-title\"><strong>Inspection du site<\/strong><\/h6><\/div><p class=\"uagb-ifb-desc\">Nous visitons la ferme ou examinons des photos\/vid\u00e9os pour comprendre la taille et l&#039;\u00e9tat de la grange.<\/p><\/div><\/div><\/div>\n\n\n\n<div class=\"wp-block-uagb-info-box uagb-block-5a02c3fb uagb-infobox__content-wrap  uagb-infobox-icon-above-title uagb-infobox-image-valign-top wp-block-uagb-info-box--has-margin\"><div class=\"uagb-infobox-margin-wrapper\"><div class=\"uagb-ifb-content\"><div class=\"uagb-ifb-image-content\"><img decoding=\"async\" src=\"https:\/\/onsfsservice.be\/wp-content\/uploads\/2025\/12\/Preparation-e1764711758507-150x150.png\" alt=\"pr\u00e9paration\" width=\"100\" height=\"100\" loading=\"lazy\" title=\"A propos de\"><\/div><div class=\"uagb-ifb-title-wrap\"><span class=\"uagb-ifb-title-prefix\"><strong>Pr\u00e9paration<\/strong><\/span><h6 class=\"uagb-ifb-title\"><strong>Apporter notre propre \u00e9quipement<\/strong><\/h6><\/div><p class=\"uagb-ifb-desc\">Nous arrivons munis de tout le mat\u00e9riel n\u00e9cessaire et des produits de d\u00e9sinfection homologu\u00e9s.<\/p><\/div><\/div><\/div>\n\n\n\n<div class=\"wp-block-uagb-info-box uagb-block-ef0f65aa uagb-infobox__content-wrap  uagb-infobox-icon-above-title uagb-infobox-image-valign-top wp-block-uagb-info-box--has-margin\"><div class=\"uagb-infobox-margin-wrapper\"><div class=\"uagb-ifb-content\"><div class=\"uagb-ifb-image-content\"><img decoding=\"async\" src=\"https:\/\/onsfsservice.be\/wp-content\/uploads\/2025\/12\/Cleaning-e1764711892295-150x150.png\" alt=\"nettoyage\" width=\"100\" height=\"100\" loading=\"lazy\" title=\"A propos de\"><\/div><div class=\"uagb-ifb-title-wrap\"><span class=\"uagb-ifb-title-prefix\"><strong><strong>Nettoyage<\/strong><\/strong><\/span><h6 class=\"uagb-ifb-title\"><strong><strong>Nettoyage avec des machines DIBO<\/strong><\/strong><\/h6><\/div><p class=\"uagb-ifb-desc\">Des machines DIBO \u00e0 eau chaude et froide haute pression sont utilis\u00e9es pour nettoyer chaque partie de l&#039;\u00e9table.<\/p><\/div><\/div><\/div>\n<\/div>\n\n\n\n<div class=\"wp-block-uagb-container uagb-block-fc3019ed\">\n<div class=\"wp-block-uagb-info-box uagb-block-9501d320 uagb-infobox__content-wrap  uagb-infobox-icon-above-title uagb-infobox-image-valign-top wp-block-uagb-info-box--has-margin\"><div class=\"uagb-infobox-margin-wrapper\"><div class=\"uagb-ifb-content\"><div class=\"uagb-ifb-image-content\"><img decoding=\"async\" src=\"https:\/\/onsfsservice.be\/wp-content\/uploads\/2025\/12\/Disinfection-e1764712046851-150x150.png\" alt=\"d\u00e9sinfection\" width=\"100\" height=\"100\" loading=\"lazy\" title=\"A propos de\"><\/div><div class=\"uagb-ifb-title-wrap\"><span class=\"uagb-ifb-title-prefix\"><strong>D\u00e9sinfection<\/strong><\/span><h6 class=\"uagb-ifb-title\"><strong>Application de produits de d\u00e9sinfection homologu\u00e9s<\/strong><\/h6><\/div><p class=\"uagb-ifb-desc\">Application de d\u00e9sinfectants homologu\u00e9s adapt\u00e9s aux installations avicoles.<\/p><\/div><\/div><\/div>\n\n\n\n<div class=\"wp-block-uagb-info-box uagb-block-4ec57650 uagb-infobox__content-wrap  uagb-infobox-icon-above-title uagb-infobox-image-valign-top wp-block-uagb-info-box--has-margin\"><div class=\"uagb-infobox-margin-wrapper\"><div class=\"uagb-ifb-content\"><div class=\"uagb-ifb-image-content\"><img decoding=\"async\" src=\"https:\/\/onsfsservice.be\/wp-content\/uploads\/2025\/12\/Review-e1764712231961-150x150.png\" alt=\"revoir\" width=\"100\" height=\"100\" loading=\"lazy\" title=\"A propos de\"><\/div><div class=\"uagb-ifb-title-wrap\"><span class=\"uagb-ifb-title-prefix\"><strong>R\u00e9vision finale<\/strong><\/span><h6 class=\"uagb-ifb-title\"><strong>Contr\u00f4le final pour garantir le respect des normes d&#039;hygi\u00e8ne<\/strong><\/h6><\/div><p class=\"uagb-ifb-desc\">Nous effectuons une derni\u00e8re v\u00e9rification avant notre d\u00e9part et fournissons des mises \u00e0 jour avec photos ou vid\u00e9os sur demande.<\/p><\/div><\/div><\/div>\n<\/div>\n\n\n\n<div class=\"wp-block-uagb-advanced-heading uagb-block-2f23cd5c\"><p class=\"uagb-heading-text\">Nous nous engageons \u00e0 assurer une communication claire, une planification fiable et \u00e0 fournir des r\u00e9sultats professionnels \u00e0 chaque fois.<\/p><\/div>\n<\/div><\/div>\n\n\n\n<div class=\"wp-block-uagb-container uagb-block-1a6734fe alignfull uagb-is-root-container\"><div class=\"uagb-container-inner-blocks-wrap\">\n<div class=\"wp-block-uagb-advanced-heading uagb-block-b056057b\"><h2 class=\"uagb-heading-text\">Offre \u00e0 dur\u00e9e limit\u00e9e !<br><\/h2><\/div>\n\n\n\n<div class=\"wp-block-uagb-container uagb-block-a8603c2e\">\n<div class=\"wp-block-uagb-call-to-action uagb-block-eec57917 wp-block-button\"><div class=\"uagb-cta__wrap\"><h4 class=\"uagb-cta__title\">Planifiez votre nettoyage d\u00e8s maintenant et obtenez un devis gratuit<\/h4><\/div><div class=\"uagb-cta__buttons\"><a href=\"#\" class=\"uagb-cta__button-link-wrapper wp-block-button__link\" target=\"_self\" rel=\"noopener noreferrer\">Envoyer une requ\u00eate<\/a><\/div><\/div>\n<\/div>\n<\/div><\/div>\n\n\n\n<div class=\"wp-block-uagb-advanced-heading uagb-block-713e5c36\"><h2 class=\"uagb-heading-text\">Nos tarifs<\/h2><\/div>\n\n\n\n<div class=\"wp-block-uagb-container uagb-layout-flex uagb-block-877e8021 alignfull uagb-is-root-container\"><div class=\"uagb-container-inner-blocks-wrap\">\n<div class=\"wp-block-uagb-container uagb-block-169ea921\">\n<section class=\"wp-block-uagb-columns uagb-columns__wrap uagb-columns__background-none uagb-columns__stack-mobile uagb-columns__valign- uagb-columns__gap-10 align uagb-block-c1b03f0f uagb-columns__columns-3 uagb-columns__max_width-theme\"><div class=\"uagb-columns__overlay\"><\/div><div class=\"uagb-columns__inner-wrap uagb-columns__columns-3\">\n<div class=\"wp-block-uagb-column uagb-column__wrap uagb-column__background-color uagb-block-d7dc952e\"><div class=\"uagb-column__overlay\"><\/div>\n<div class=\"wp-block-uagb-info-box uagb-block-d173c747 uagb-infobox__content-wrap  uagb-infobox-icon-above-title uagb-infobox-image-valign-top\"><div class=\"uagb-ifb-content\"><div class=\"uagb-ifb-icon-wrap\"><svg xmlns=\"https:\/\/www.w3.org\/2000\/svg\" viewbox=\"0 0 512 512\"><path d=\"M177.9 494.1C159.2 512.8 128.8 512.8 110.1 494.1L17.94 401.9C-.8054 383.2-.8054 352.8 17.94 334.1L68.69 283.3L116.7 331.3C122.9 337.6 133.1 337.6 139.3 331.3C145.6 325.1 145.6 314.9 139.3 308.7L91.31 260.7L132.7 219.3L180.7 267.3C186.9 273.6 197.1 273.6 203.3 267.3C209.6 261.1 209.6 250.9 203.3 244.7L155.3 196.7L196.7 155.3L244.7 203.3C250.9 209.6 261.1 209.6 267.3 203.3C273.6 197.1 273.6 186.9 267.3 180.7L219.3 132.7L260.7 91.31L308.7 139.3C314.9 145.6 325.1 145.6 331.3 139.3C337.6 133.1 337.6 122.9 331.3 116.7L283.3 68.69L334.1 17.94C352.8-.8055 383.2-.8055 401.9 17.94L494.1 110.1C512.8 128.8 512.8 159.2 494.1 177.9L177.9 494.1z\"><\/path><\/svg><\/div><div class=\"uagb-ifb-title-wrap\"><h3 class=\"uagb-ifb-title\">Superficie et dimensions de la grange<\/h3><\/div><\/div><\/div>\n<\/div>\n\n\n\n<div class=\"wp-block-uagb-column uagb-column__wrap uagb-column__background-color uagb-block-e1f2b3a0\"><div class=\"uagb-column__overlay\"><\/div>\n<div class=\"wp-block-uagb-info-box uagb-block-3246b668 uagb-infobox__content-wrap  uagb-infobox-icon-above-title uagb-infobox-image-valign-top\"><div class=\"uagb-ifb-content\"><div class=\"uagb-ifb-icon-wrap\"><svg xmlns=\"https:\/\/www.w3.org\/2000\/svg\" viewbox=\"0 0 512 512\"><path d=\"M506.3 417l-213.3-364c-16.33-28-57.54-28-73.98 0l-213.2 364C-10.59 444.9 9.849 480 42.74 480h426.6C502.1 480 522.6 445 506.3 417zM232 168c0-13.25 10.75-24 24-24S280 154.8 280 168v128c0 13.25-10.75 24-23.1 24S232 309.3 232 296V168zM256 416c-17.36 0-31.44-14.08-31.44-31.44c0-17.36 14.07-31.44 31.44-31.44s31.44 14.08 31.44 31.44C287.4 401.9 273.4 416 256 416z\"><\/path><\/svg><\/div><div class=\"uagb-ifb-title-wrap\"><h3 class=\"uagb-ifb-title\">Niveau d&#039;accumulation de salet\u00e9<\/h3><\/div><\/div><\/div>\n<\/div>\n\n\n\n<div class=\"wp-block-uagb-column uagb-column__wrap uagb-column__background-color uagb-block-9756e18d\"><div class=\"uagb-column__overlay\"><\/div>\n<div class=\"wp-block-uagb-info-box uagb-block-0341646c uagb-infobox__content-wrap  uagb-infobox-icon-above-title uagb-infobox-image-valign-top\"><div class=\"uagb-ifb-content\"><div class=\"uagb-ifb-icon-wrap\"><svg xmlns=\"https:\/\/www.w3.org\/2000\/svg\" viewbox=\"0 0 384 512\"><path d=\"M336 0C362.5 0 384 21.49 384 48V464C384 490.5 362.5 512 336 512H240V432C240 405.5 218.5 384 192 384C165.5 384 144 405.5 144 432V512H48C21.49 512 0 490.5 0 464V48C0 21.49 21.49 0 48 0H336zM64 272C64 280.8 71.16 288 80 288H112C120.8 288 128 280.8 128 272V240C128 231.2 120.8 224 112 224H80C71.16 224 64 231.2 64 240V272zM176 224C167.2 224 160 231.2 160 240V272C160 280.8 167.2 288 176 288H208C216.8 288 224 280.8 224 272V240C224 231.2 216.8 224 208 224H176zM256 272C256 280.8 263.2 288 272 288H304C312.8 288 320 280.8 320 272V240C320 231.2 312.8 224 304 224H272C263.2 224 256 231.2 256 240V272zM80 96C71.16 96 64 103.2 64 112V144C64 152.8 71.16 160 80 160H112C120.8 160 128 152.8 128 144V112C128 103.2 120.8 96 112 96H80zM160 144C160 152.8 167.2 160 176 160H208C216.8 160 224 152.8 224 144V112C224 103.2 216.8 96 208 96H176C167.2 96 160 103.2 160 112V144zM272 96C263.2 96 256 103.2 256 112V144C256 152.8 263.2 160 272 160H304C312.8 160 320 152.8 320 144V112C320 103.2 312.8 96 304 96H272z\"><\/path><\/svg><\/div><div class=\"uagb-ifb-title-wrap\"><h3 class=\"uagb-ifb-title\">Nombre de granges<\/h3><\/div><\/div><\/div>\n<\/div>\n<\/div><\/section>\n<\/div>\n<\/div><\/div>\n\n\n\n<p class=\"has-text-align-center\"><strong>Pas de prix fixe<\/strong> \u2014 Chaque ferme est unique. Exigences de nettoyage sp\u00e9cifiques<\/p>\n\n\n\n<div class=\"wp-block-uagb-container uagb-block-8ecc40e4 alignfull uagb-is-root-container\"><div class=\"uagb-container-inner-blocks-wrap\">\n<div class=\"wp-block-uagb-container uagb-block-9d9b4e35\">\n<div class=\"wp-block-uagb-info-box uagb-block-05325546 uagb-infobox__content-wrap  uagb-infobox-icon-above-title uagb-infobox-image-valign-top wp-block-uagb-info-box--has-margin\"><div class=\"uagb-infobox-margin-wrapper\"><div class=\"uagb-ifb-content\"><div class=\"uagb-ifb-title-wrap\"><h2 class=\"uagb-ifb-title\">Nos experts en nettoyage<\/h2><\/div><p class=\"uagb-ifb-desc\">Exercitationem sunt condimentum. Adipisicing semper eros, doloremque eiusmod delectus proin !<\/p><\/div><\/div><\/div>\n\n\n\n<div class=\"wp-block-uagb-icon-list uagb-block-9ee7a70d\"><div class=\"uagb-icon-list__wrap\">\n<div class=\"wp-block-uagb-icon-list-child uagb-block-91dc36b6\"><span class=\"uagb-icon-list__source-wrap\"><svg xmlns=\"https:\/\/www.w3.org\/2000\/svg\" viewbox=\"0 0 448 512\"><path d=\"M384 32C419.3 32 448 60.65 448 96V416C448 451.3 419.3 480 384 480H64C28.65 480 0 451.3 0 416V96C0 60.65 28.65 32 64 32H384zM339.8 211.8C350.7 200.9 350.7 183.1 339.8 172.2C328.9 161.3 311.1 161.3 300.2 172.2L192 280.4L147.8 236.2C136.9 225.3 119.1 225.3 108.2 236.2C97.27 247.1 97.27 264.9 108.2 275.8L172.2 339.8C183.1 350.7 200.9 350.7 211.8 339.8L339.8 211.8z\"><\/path><\/svg><\/span><span class=\"uagb-icon-list__label\">Exp\u00e9riment\u00e9 et professionnel<\/span><\/div>\n\n\n\n<div class=\"wp-block-uagb-icon-list-child uagb-block-935b2858\"><span class=\"uagb-icon-list__source-wrap\"><svg xmlns=\"https:\/\/www.w3.org\/2000\/svg\" viewbox=\"0 0 448 512\"><path d=\"M384 32C419.3 32 448 60.65 448 96V416C448 451.3 419.3 480 384 480H64C28.65 480 0 451.3 0 416V96C0 60.65 28.65 32 64 32H384zM339.8 211.8C350.7 200.9 350.7 183.1 339.8 172.2C328.9 161.3 311.1 161.3 300.2 172.2L192 280.4L147.8 236.2C136.9 225.3 119.1 225.3 108.2 236.2C97.27 247.1 97.27 264.9 108.2 275.8L172.2 339.8C183.1 350.7 200.9 350.7 211.8 339.8L339.8 211.8z\"><\/path><\/svg><\/span><span class=\"uagb-icon-list__label\">R\u00e9f\u00e9rences v\u00e9rifi\u00e9es<\/span><\/div>\n\n\n\n<div class=\"wp-block-uagb-icon-list-child uagb-block-bdcae34b\"><span class=\"uagb-icon-list__source-wrap\"><svg xmlns=\"https:\/\/www.w3.org\/2000\/svg\" viewbox=\"0 0 448 512\"><path d=\"M384 32C419.3 32 448 60.65 448 96V416C448 451.3 419.3 480 384 480H64C28.65 480 0 451.3 0 416V96C0 60.65 28.65 32 64 32H384zM339.8 211.8C350.7 200.9 350.7 183.1 339.8 172.2C328.9 161.3 311.1 161.3 300.2 172.2L192 280.4L147.8 236.2C136.9 225.3 119.1 225.3 108.2 236.2C97.27 247.1 97.27 264.9 108.2 275.8L172.2 339.8C183.1 350.7 200.9 350.7 211.8 339.8L339.8 211.8z\"><\/path><\/svg><\/span><span class=\"uagb-icon-list__label\">Entretien en personne<\/span><\/div>\n\n\n\n<div class=\"wp-block-uagb-icon-list-child uagb-block-4fde4c18\"><span class=\"uagb-icon-list__source-wrap\"><svg xmlns=\"https:\/\/www.w3.org\/2000\/svg\" viewbox=\"0 0 448 512\"><path d=\"M384 32C419.3 32 448 60.65 448 96V416C448 451.3 419.3 480 384 480H64C28.65 480 0 451.3 0 416V96C0 60.65 28.65 32 64 32H384zM339.8 211.8C350.7 200.9 350.7 183.1 339.8 172.2C328.9 161.3 311.1 161.3 300.2 172.2L192 280.4L147.8 236.2C136.9 225.3 119.1 225.3 108.2 236.2C97.27 247.1 97.27 264.9 108.2 275.8L172.2 339.8C183.1 350.7 200.9 350.7 211.8 339.8L339.8 211.8z\"><\/path><\/svg><\/span><span class=\"uagb-icon-list__label\">Honn\u00eate et fiable<\/span><\/div>\n\n\n\n<div class=\"wp-block-uagb-icon-list-child uagb-block-ba0b9319\"><span class=\"uagb-icon-list__source-wrap\"><svg xmlns=\"https:\/\/www.w3.org\/2000\/svg\" viewbox=\"0 0 448 512\"><path d=\"M384 32C419.3 32 448 60.65 448 96V416C448 451.3 419.3 480 384 480H64C28.65 480 0 451.3 0 416V96C0 60.65 28.65 32 64 32H384zM339.8 211.8C350.7 200.9 350.7 183.1 339.8 172.2C328.9 161.3 311.1 161.3 300.2 172.2L192 280.4L147.8 236.2C136.9 225.3 119.1 225.3 108.2 236.2C97.27 247.1 97.27 264.9 108.2 275.8L172.2 339.8C183.1 350.7 200.9 350.7 211.8 339.8L339.8 211.8z\"><\/path><\/svg><\/span><span class=\"uagb-icon-list__label\">Assur\u00e9 et cautionn\u00e9<\/span><\/div>\n<\/div><\/div>\n<\/div>\n\n\n\n<div class=\"wp-block-uagb-container uagb-block-9563669e\">\n<div class=\"wp-block-uagb-image uagb-block-ff6fcecb wp-block-uagb-image--layout-default wp-block-uagb-image--effect-static wp-block-uagb-image--align-none\"><figure class=\"wp-block-uagb-image__figure\"><img decoding=\"async\" srcset=\"https:\/\/onsfsservice.be\/wp-content\/uploads\/2025\/12\/team-e1765444578748-934x1024.jpeg ,https:\/\/onsfsservice.be\/wp-content\/uploads\/2025\/12\/team-e1765444578748.jpeg 780w, https:\/\/onsfsservice.be\/wp-content\/uploads\/2025\/12\/team-e1765444578748.jpeg 360w\" sizes=\"auto, (max-width: 480px) 150px\" src=\"https:\/\/onsfsservice.be\/wp-content\/uploads\/2025\/12\/team-e1765444578748-934x1024.jpeg\" alt=\"\u00e9quipe\" class=\"uag-image-3203\" width=\"934\" height=\"1024\" title=\"\u00e9quipe\" loading=\"lazy\" role=\"img\"\/><\/figure><\/div>\n<\/div>\n<\/div><\/div>","protected":false},"excerpt":{"rendered":"<p>Clean Barns. Healthy Lives. Saed Elsadi Founder Our process Our approach ensures predictable quality and minimal downtime for farmers: We are committed to clear communication, reliable scheduling, and delivering professional results every time. Limited Time Offer! Our Pricing No fixed pricing \u2014 every farm is unique. Specific cleaning requirements<\/p>","protected":false},"author":1,"featured_media":0,"parent":0,"menu_order":0,"comment_status":"closed","ping_status":"closed","template":"","meta":{"_uag_custom_page_level_css":"","_monsterinsights_skip_tracking":false,"_monsterinsights_sitenote_active":false,"_monsterinsights_sitenote_note":"","_monsterinsights_sitenote_category":0,"site-sidebar-layout":"no-sidebar","site-content-layout":"page-builder","ast-site-content-layout":"full-width-container","site-content-style":"unboxed","site-sidebar-style":"unboxed","ast-global-header-display":"","ast-banner-title-visibility":"","ast-main-header-display":"","ast-hfb-above-header-display":"","ast-hfb-below-header-display":"","ast-hfb-mobile-header-display":"","site-post-title":"disabled","ast-breadcrumbs-content":"","ast-featured-img":"disabled","footer-sml-layout":"","ast-disable-related-posts":"","theme-transparent-header-meta":"default","adv-header-id-meta":"","stick-header-meta":"","header-above-stick-meta":"","header-main-stick-meta":"","header-below-stick-meta":"","astra-migrate-meta-layouts":"set","ast-page-background-enabled":"default","ast-page-background-meta":{"desktop":{"background-color":"","background-image":"","background-repeat":"repeat","background-position":"center center","background-size":"auto","background-attachment":"scroll","background-type":"","background-media":"","overlay-type":"","overlay-color":"","overlay-opacity":"","overlay-gradient":""},"tablet":{"background-color":"","background-image":"","background-repeat":"repeat","background-position":"center center","background-size":"auto","background-attachment":"scroll","background-type":"","background-media":"","overlay-type":"","overlay-color":"","overlay-opacity":"","overlay-gradient":""},"mobile":{"background-color":"","background-image":"","background-repeat":"repeat","background-position":"center center","background-size":"auto","background-attachment":"scroll","background-type":"","background-media":"","overlay-type":"","overlay-color":"","overlay-opacity":"","overlay-gradient":""}},"ast-content-background-meta":{"desktop":{"background-color":"var(--ast-global-color-5)","background-image":"","background-repeat":"repeat","background-position":"center center","background-size":"auto","background-attachment":"scroll","background-type":"","background-media":"","overlay-type":"","overlay-color":"","overlay-opacity":"","overlay-gradient":""},"tablet":{"background-color":"var(--ast-global-color-5)","background-image":"","background-repeat":"repeat","background-position":"center center","background-size":"auto","background-attachment":"scroll","background-type":"","background-media":"","overlay-type":"","overlay-color":"","overlay-opacity":"","overlay-gradient":""},"mobile":{"background-color":"var(--ast-global-color-5)","background-image":"","background-repeat":"repeat","background-position":"center center","background-size":"auto","background-attachment":"scroll","background-type":"","background-media":"","overlay-type":"","overlay-color":"","overlay-opacity":"","overlay-gradient":""}},"_glsr_average":0,"_glsr_ranking":0,"_glsr_reviews":0,"footnotes":""},"class_list":["post-1352","page","type-page","status-publish","hentry"],"aioseo_notices":[],"_hostinger_reach_plugin_has_subscription_block":false,"_hostinger_reach_plugin_is_elementor":false,"uagb_featured_image_src":{"full":false,"thumbnail":false,"medium":false,"medium_large":false,"large":false,"1536x1536":false,"2048x2048":false,"trp-custom-language-flag":false},"uagb_author_info":{"display_name":"automationnationai@gmail.com","author_link":"https:\/\/onsfsservice.be\/fr\/author\/automationnationaigmail-com\/"},"uagb_comment_info":0,"uagb_excerpt":"Clean Barns. Healthy Lives. Saed Elsadi Founder Our process Our approach ensures predictable quality and minimal downtime for farmers: We are committed to clear communication, reliable scheduling, and delivering professional results every time. Limited Time Offer! Our Pricing No fixed pricing \u2014 every farm is unique. Specific cleaning requirements","_links":{"self":[{"href":"https:\/\/onsfsservice.be\/fr\/wp-json\/wp\/v2\/pages\/1352","targetHints":{"allow":["GET"]}}],"collection":[{"href":"https:\/\/onsfsservice.be\/fr\/wp-json\/wp\/v2\/pages"}],"about":[{"href":"https:\/\/onsfsservice.be\/fr\/wp-json\/wp\/v2\/types\/page"}],"author":[{"embeddable":true,"href":"https:\/\/onsfsservice.be\/fr\/wp-json\/wp\/v2\/users\/1"}],"replies":[{"embeddable":true,"href":"https:\/\/onsfsservice.be\/fr\/wp-json\/wp\/v2\/comments?post=1352"}],"version-history":[{"count":39,"href":"https:\/\/onsfsservice.be\/fr\/wp-json\/wp\/v2\/pages\/1352\/revisions"}],"predecessor-version":[{"id":3363,"href":"https:\/\/onsfsservice.be\/fr\/wp-json\/wp\/v2\/pages\/1352\/revisions\/3363"}],"wp:attachment":[{"href":"https:\/\/onsfsservice.be\/fr\/wp-json\/wp\/v2\/media?parent=1352"}],"curies":[{"name":"wp","href":"https:\/\/api.w.org\/{rel}","templated":true}]}}